{"id":113,"date":"2025-12-18T01:42:46","date_gmt":"2025-12-18T01:42:46","guid":{"rendered":"https:\/\/gh-fs.com\/site\/?page_id=113"},"modified":"2025-12-19T01:34:59","modified_gmt":"2025-12-19T01:34:59","slug":"cerez-politikasi","status":"publish","type":"page","link":"https:\/\/gh-fs.com\/index.php\/cerez-politikasi\/","title":{"rendered":"\u00c7erez Politikas\u0131"},"content":{"rendered":"<p>\u00c7erezler (cookies), bir web sitesinin daha h\u0131zl\u0131 ve g\u00fcvenli \u00e7al\u0131\u015fmas\u0131 i\u00e7in taray\u0131c\u0131n\u0131za kaydedilebilen k\u00fc\u00e7\u00fck metin dosyalar\u0131d\u0131r. Bu site; temel i\u015flevsellik, g\u00fcvenlik ve performans ama\u00e7lar\u0131yla \u00e7erezler kullanabilir.<\/p>\n<h3>\u00c7erez t\u00fcrleri<\/h3>\n<ul>\n<li><strong>Zorunlu \u00e7erezler:<\/strong> Sitenin temel i\u015flevleri ve g\u00fcvenlik s\u00fcre\u00e7leri i\u00e7in gereklidir.<\/li>\n<li><strong>Performans \/ analitik \u00e7erezleri:<\/strong> Ziyaret\u00e7i davran\u0131\u015flar\u0131n\u0131 anonim olarak anlamaya yard\u0131mc\u0131 olur (kullan\u0131l\u0131yorsa).<\/li>\n<li><strong>Fonksiyonel \u00e7erezler:<\/strong> Kullan\u0131c\u0131 tercihlerini (\u00f6r. dil se\u00e7imi) hat\u0131rlayabilir.<\/li>\n<\/ul>\n<h3>\u00c7erezleri nas\u0131l y\u00f6netirsiniz?<\/h3>\n<p>Taray\u0131c\u0131n\u0131z\u0131n ayarlar\u0131ndan \u00e7erezleri silebilir, engelleyebilir veya belirli t\u00fcrleri k\u0131s\u0131tlayabilirsiniz. Baz\u0131 \u00e7erezleri kapatmak sitenin belirli \u00f6zelliklerinin \u00e7al\u0131\u015fmas\u0131n\u0131 etkileyebilir.<\/p>\n","protected":false},"excerpt":{"rendered":"<p>\u00c7erezler (cookies), bir web sitesinin daha h\u0131zl\u0131 ve g\u00fcvenli \u00e7al\u0131\u015fmas\u0131 i\u00e7in taray\u0131c\u0131n\u0131za kaydedilebilen k\u00fc\u00e7\u00fck metin dosyalar\u0131d\u0131r. Bu site; temel i\u015flevsellik, g\u00fcvenlik ve performans ama\u00e7lar\u0131yla \u00e7erezler kullanabilir. \u00c7erez t\u00fcrleri Zorunlu \u00e7erezler: Sitenin temel i\u015flevleri ve g\u00fcvenlik s\u00fcre\u00e7leri i\u00e7in gereklidir. Performans \/ analitik \u00e7erezleri: Ziyaret\u00e7i davran\u0131\u015flar\u0131n\u0131 anonim olarak anlamaya yard\u0131mc\u0131 olur (kullan\u0131l\u0131yorsa). Fonksiyonel \u00e7erezler: Kullan\u0131c\u0131 tercihlerini (\u00f6r. [&hellip;]<\/p>\n","protected":false},"author":1,"featured_media":0,"parent":0,"menu_order":0,"comment_status":"closed","ping_status":"closed","template":"","meta":{"footnotes":""},"class_list":["post-113","page","type-page","status-publish","hentry"],"_links":{"self":[{"href":"https:\/\/gh-fs.com\/index.php\/wp-json\/wp\/v2\/pages\/113","targetHints":{"allow":["GET"]}}],"collection":[{"href":"https:\/\/gh-fs.com\/index.php\/wp-json\/wp\/v2\/pages"}],"about":[{"href":"https:\/\/gh-fs.com\/index.php\/wp-json\/wp\/v2\/types\/page"}],"author":[{"embeddable":true,"href":"https:\/\/gh-fs.com\/index.php\/wp-json\/wp\/v2\/users\/1"}],"replies":[{"embeddable":true,"href":"https:\/\/gh-fs.com\/index.php\/wp-json\/wp\/v2\/comments?post=113"}],"version-history":[{"count":4,"href":"https:\/\/gh-fs.com\/index.php\/wp-json\/wp\/v2\/pages\/113\/revisions"}],"predecessor-version":[{"id":305,"href":"https:\/\/gh-fs.com\/index.php\/wp-json\/wp\/v2\/pages\/113\/revisions\/305"}],"wp:attachment":[{"href":"https:\/\/gh-fs.com\/index.php\/wp-json\/wp\/v2\/media?parent=113"}],"curies":[{"name":"wp","href":"https:\/\/api.w.org\/{rel}","templated":true}]}}