{"id":115,"date":"2025-12-18T01:43:05","date_gmt":"2025-12-18T01:43:05","guid":{"rendered":"https:\/\/gh-fs.com\/site\/?page_id=115"},"modified":"2025-12-19T01:36:26","modified_gmt":"2025-12-19T01:36:26","slug":"kullanim-sartlari","status":"publish","type":"page","link":"https:\/\/gh-fs.com\/index.php\/kullanim-sartlari\/","title":{"rendered":"Kullan\u0131m \u015eartlar\u0131"},"content":{"rendered":"<p><strong>Son g\u00fcncelleme:<\/strong> 18\/12\/2025<\/p>\n<p>Bu web sitesini (\u201cSite\u201d) kullanarak a\u015fa\u011f\u0131daki \u015fartlar\u0131 kabul etmi\u015f olursunuz.<br \/>\nE\u011fer kabul etmiyorsan\u0131z l\u00fctfen Site\u2019yi kullanmay\u0131n\u0131z.<\/p>\n<h2 class=\"wp-block-heading\">Hizmet Kapsam\u0131<\/h2>\n<p>Site\u2019de yer alan bilgiler yaln\u0131zca genel bilgilendirme ama\u00e7l\u0131d\u0131r.<br \/>\nHer proje i\u00e7in kapsam, teslimatlar, teknik gereksinimler ve fiyatland\u0131rma;<br \/>\nancak teklif a\u015famas\u0131nda veya yaz\u0131l\u0131 anla\u015fma ile netlik kazan\u0131r.<\/p>\n<h2 class=\"wp-block-heading\">Sorumlulu\u011fun S\u0131n\u0131rland\u0131r\u0131lmas\u0131<\/h2>\n<p>Site i\u00e7eri\u011finin do\u011frulu\u011fu ve g\u00fcncelli\u011fi i\u00e7in makul \u00e7aba g\u00f6sterilir;<br \/>\nancak hatalar veya eksikler bulunabilir.<br \/>\nYasal s\u0131n\u0131rlar dahilinde; dolayl\u0131 kay\u0131p, gelir kayb\u0131, veri kayb\u0131 veya<br \/>\nSite\u2019nin kullan\u0131m\u0131ndan do\u011fan sonu\u00e7lardan sorumluluk reddedilebilir.<\/p>\n<h2 class=\"wp-block-heading\">Fikri M\u00fclkiyet Haklar\u0131<\/h2>\n<p>Site\u2019de bulunan marka, metin, g\u00f6rsel, logo ve tasar\u0131m unsurlar\u0131;<br \/>\n\u00f6nceden yaz\u0131l\u0131 izin al\u0131nmadan kopyalanamaz, \u00e7o\u011falt\u0131lamaz, yeniden yay\u0131mlanamaz<br \/>\nve ticari ama\u00e7la kullan\u0131lamaz.<\/p>\n<h2 class=\"wp-block-heading\">De\u011fi\u015fiklik Hakk\u0131<\/h2>\n<p>Kullan\u0131m \u015eartlar\u0131 gerekti\u011finde g\u00fcncellenebilir.<br \/>\nEn g\u00fcncel s\u00fcr\u00fcm her zaman bu sayfada yay\u0131mlan\u0131r ve yay\u0131mland\u0131\u011f\u0131 anda ge\u00e7erli olur.<\/p>\n<h2 class=\"wp-block-heading\">\u0130leti\u015fim<\/h2>\n<p>\u015eartlarla ilgili sorular\u0131n\u0131z\u0131 iletmek isterseniz ileti\u015fim sayfas\u0131n\u0131 kullanabilirsiniz:<\/p>\n<p><a href=\"https:\/\/gh-fs.com\/site\/tr\/iletisim\/\">https:\/\/gh-fs.com\/site\/tr\/iletisim\/<\/a><\/p>\n","protected":false},"excerpt":{"rendered":"<p>Son g\u00fcncelleme: 18\/12\/2025 Bu web sitesini (\u201cSite\u201d) kullanarak a\u015fa\u011f\u0131daki \u015fartlar\u0131 kabul etmi\u015f olursunuz. E\u011fer kabul etmiyorsan\u0131z l\u00fctfen Site\u2019yi kullanmay\u0131n\u0131z. Hizmet Kapsam\u0131 Site\u2019de yer alan bilgiler yaln\u0131zca genel bilgilendirme ama\u00e7l\u0131d\u0131r. Her proje i\u00e7in kapsam, teslimatlar, teknik gereksinimler ve fiyatland\u0131rma; ancak teklif a\u015famas\u0131nda veya yaz\u0131l\u0131 anla\u015fma ile netlik kazan\u0131r. Sorumlulu\u011fun S\u0131n\u0131rland\u0131r\u0131lmas\u0131 Site i\u00e7eri\u011finin do\u011frulu\u011fu ve g\u00fcncelli\u011fi i\u00e7in [&hellip;]<\/p>\n","protected":false},"author":1,"featured_media":0,"parent":0,"menu_order":0,"comment_status":"closed","ping_status":"closed","template":"","meta":{"footnotes":""},"class_list":["post-115","page","type-page","status-publish","hentry"],"_links":{"self":[{"href":"https:\/\/gh-fs.com\/index.php\/wp-json\/wp\/v2\/pages\/115","targetHints":{"allow":["GET"]}}],"collection":[{"href":"https:\/\/gh-fs.com\/index.php\/wp-json\/wp\/v2\/pages"}],"about":[{"href":"https:\/\/gh-fs.com\/index.php\/wp-json\/wp\/v2\/types\/page"}],"author":[{"embeddable":true,"href":"https:\/\/gh-fs.com\/index.php\/wp-json\/wp\/v2\/users\/1"}],"replies":[{"embeddable":true,"href":"https:\/\/gh-fs.com\/index.php\/wp-json\/wp\/v2\/comments?post=115"}],"version-history":[{"count":4,"href":"https:\/\/gh-fs.com\/index.php\/wp-json\/wp\/v2\/pages\/115\/revisions"}],"predecessor-version":[{"id":310,"href":"https:\/\/gh-fs.com\/index.php\/wp-json\/wp\/v2\/pages\/115\/revisions\/310"}],"wp:attachment":[{"href":"https:\/\/gh-fs.com\/index.php\/wp-json\/wp\/v2\/media?parent=115"}],"curies":[{"name":"wp","href":"https:\/\/api.w.org\/{rel}","templated":true}]}}